{"id":117,"date":"2019-10-15T17:12:56","date_gmt":"2019-10-15T15:12:56","guid":{"rendered":"http:\/\/sentiernaturemontmelas.fr\/?page_id=117"},"modified":"2024-03-17T22:42:09","modified_gmt":"2024-03-17T21:42:09","slug":"parcours-faune-flore","status":"publish","type":"page","link":"https:\/\/sentiernaturemontmelas.fr\/index.php\/parcours-faune-flore\/","title":{"rendered":"Fiches  p\u00e9dagogiques sur les ARBRES"},"content":{"rendered":"\n<h2 class=\"wp-block-heading\">RECONNAISSANCE DES ARBRES<\/h2>\n\n\n\n<p>3 niveaux de difficult\u00e9s sont propos\u00e9s pour la reconnaissance des arbres.<\/p>\n\n\n\n<p>Niveau 1 : 6 arbres \u00e0 reconna\u00eetre<br>niveau 2 : 12 arbres \u00e0 reconna\u00eetre<br>niveau 3 : 19 arbres \u00e0 reconna\u00eetre<\/p>\n\n\n\n<p>Pour chaque niveau, des fiches d&rsquo;aide \u00e0 la reconnaissance des arbres sont propos\u00e9s.<\/p>\n\n\n\n<h2 class=\"wp-block-heading\">FICHE D&rsquo;AIDE A LA RECONNAISSANCE DES ARBRES<\/h2>\n\n\n\n<p><a href=\"https:\/\/drive.google.com\/file\/d\/0B3a0GKy3XCoTS2JhSDNKWkZUOUE\/view?usp=sharing\">Fiche d&rsquo;aide Niveau 1&nbsp;a<\/a><br><a href=\"https:\/\/drive.google.com\/file\/d\/0B3a0GKy3XCoTX3RFcy00RnVSY3c\/view?usp=sharing\">Fiche d&rsquo;aide Niveau 1&nbsp;b<\/a><br><a href=\"https:\/\/drive.google.com\/file\/d\/0B3a0GKy3XCoTUGprQnVXSmZLZ00\/view?usp=sharing\">Fiche d&rsquo;aide Niveau 2&nbsp;<\/a>a<br><a href=\"https:\/\/drive.google.com\/file\/d\/0B3a0GKy3XCoTZHRpdzJPT3NmVzQ\/view?usp=sharing\">Fiche d&rsquo;aide Niveau 2&nbsp;<\/a>b<br><a href=\"https:\/\/drive.google.com\/file\/d\/0B3a0GKy3XCoTbkR3dDJYN2kxZHc\/view?usp=sharing\">Fiche d&rsquo;aide Niveau 3 &#8211; fiche a&nbsp;<\/a><br><a href=\"https:\/\/drive.google.com\/file\/d\/0B3a0GKy3XCoTb3V5S1Q3dE1HLVk\/view?usp=sharing\">Fiche d&rsquo;aide Niveau 3 &#8211; fiche b&nbsp;<\/a><br><a href=\"https:\/\/drive.google.com\/file\/d\/0B3a0GKy3XCoTU1NCRFQ4ZXNuQW8\/view?usp=sharing\">Fiche d&rsquo;aide Niveau 3 &#8211; fiche&nbsp;c<\/a><br><a href=\"https:\/\/drive.google.com\/file\/d\/0B3a0GKy3XCoTYTc4OWtUNElQRTA\/view?usp=sharing\">Fiche d&rsquo;aide Niveau 3 &#8211; fiche&nbsp;d<\/a><\/p>\n\n\n\n<h2 class=\"wp-block-heading\">FICHE \u00ab\u00a0RECONNAITRE &nbsp;LES ARBRES\u00a0\u00bb pour NOTER LES REPONSES<\/h2>\n\n\n\n<p><a href=\"https:\/\/drive.google.com\/file\/d\/0B3a0GKy3XCoTbWgyUWJwbUttRjQ\/view?usp=sharing\">arbres niveau 1<\/a><br><a href=\"https:\/\/drive.google.com\/file\/d\/0B3a0GKy3XCoTUXlWX0dKd1ExWWc\/view?usp=sharing\">arbres niveau 2<\/a><br><a href=\"https:\/\/drive.google.com\/file\/d\/0B3a0GKy3XCoTRGNBWFNjVVN4aHc\/view?usp=sharing\">arbres niveau 3<\/a><\/p>\n\n\n\n<h3 class=\"wp-block-heading\">LES&nbsp;R\u00c9PONSES :<\/h3>\n\n\n\n<p><a href=\"https:\/\/drive.google.com\/file\/d\/0B3a0GKy3XCoTUnJESWpvYlFSSFk\/view?usp=sharing\">r\u00e9ponses arbres&nbsp;niveau 1<\/a><br><a href=\"https:\/\/drive.google.com\/file\/d\/0B3a0GKy3XCoTUFRfMTFMNHo3aEk\/view?usp=sharing\">r\u00e9ponses arbres niveau 2<\/a><br><a href=\"https:\/\/drive.google.com\/file\/d\/0B3a0GKy3XCoTN3VTN2tOWHY2VnM\/view?usp=sharing\">r\u00e9ponses arbres niveau 3<\/a><\/p>\n\n\n\n<p><\/p>\n","protected":false},"excerpt":{"rendered":"<p>RECONNAISSANCE DES ARBRES 3 niveaux de difficult\u00e9s sont propos\u00e9s pour la reconnaissance des arbres. Niveau 1 : 6 arbres \u00e0 reconna\u00eetreniveau 2 : 12 arbres \u00e0 reconna\u00eetreniveau 3 : 19 arbres \u00e0 reconna\u00eetre Pour chaque niveau, des fiches d&rsquo;aide \u00e0 la reconnaissance des arbres sont propos\u00e9s. FICHE D&rsquo;AIDE A LA RECONNAISSANCE DES ARBRES Fiche d&rsquo;aide &hellip; <\/p>\n<p class=\"link-more\"><a href=\"https:\/\/sentiernaturemontmelas.fr\/index.php\/parcours-faune-flore\/\" class=\"more-link\">Continuer la lecture<span class=\"screen-reader-text\"> de &laquo;&nbsp;Fiches  p\u00e9dagogiques sur les ARBRES&nbsp;&raquo;<\/span><\/a><\/p>\n","protected":false},"author":1,"featured_media":0,"parent":0,"menu_order":0,"comment_status":"closed","ping_status":"closed","template":"","meta":{"footnotes":""},"_links":{"self":[{"href":"https:\/\/sentiernaturemontmelas.fr\/index.php\/wp-json\/wp\/v2\/pages\/117"}],"collection":[{"href":"https:\/\/sentiernaturemontmelas.fr\/index.php\/wp-json\/wp\/v2\/pages"}],"about":[{"href":"https:\/\/sentiernaturemontmelas.fr\/index.php\/wp-json\/wp\/v2\/types\/page"}],"author":[{"embeddable":true,"href":"https:\/\/sentiernaturemontmelas.fr\/index.php\/wp-json\/wp\/v2\/users\/1"}],"replies":[{"embeddable":true,"href":"https:\/\/sentiernaturemontmelas.fr\/index.php\/wp-json\/wp\/v2\/comments?post=117"}],"version-history":[{"count":6,"href":"https:\/\/sentiernaturemontmelas.fr\/index.php\/wp-json\/wp\/v2\/pages\/117\/revisions"}],"predecessor-version":[{"id":5725,"href":"https:\/\/sentiernaturemontmelas.fr\/index.php\/wp-json\/wp\/v2\/pages\/117\/revisions\/5725"}],"wp:attachment":[{"href":"https:\/\/sentiernaturemontmelas.fr\/index.php\/wp-json\/wp\/v2\/media?parent=117"}],"curies":[{"name":"wp","href":"https:\/\/api.w.org\/{rel}","templated":true}]}}