{"id":119,"date":"2019-10-15T17:16:36","date_gmt":"2019-10-15T15:16:36","guid":{"rendered":"http:\/\/sentiernaturemontmelas.fr\/?page_id=119"},"modified":"2024-03-17T21:59:17","modified_gmt":"2024-03-17T20:59:17","slug":"parcours-oiseaux-cree-en-2014","status":"publish","type":"page","link":"https:\/\/sentiernaturemontmelas.fr\/index.php\/parcours-oiseaux-cree-en-2014\/","title":{"rendered":"Parcours Oiseaux &#8211; Cr\u00e9\u00e9 en 2014"},"content":{"rendered":"\n<p>Ce parcours comprend 12 panneaux pour d\u00e9couvrir et reconna\u00eetre &nbsp;les oiseaux.<\/p>\n\n\n\n<p><a href=\"https:\/\/drive.google.com\/file\/d\/13Hs4r9yfTnqu9WFjrROLqjUfMrNqYjDS\/view?usp=sharing\">Questionnaire oiseaux 2022 recto<\/a><\/p>\n\n\n\n<p><a href=\"https:\/\/drive.google.com\/file\/d\/1ulKfbVG8_zQfHuldg25v-GjrZ8eVxYRp\/view?usp=sharing\">Questionnaire oiseaux 2022 verso<\/a><\/p>\n\n\n\n<p><a href=\"https:\/\/drive.google.com\/file\/d\/0B3a0GKy3XCoTWGk4NGxDWmFfTWM\/view?usp=sharing\" target=\"_blank\" rel=\"noreferrer noopener\">Questions oiseaux niveau 1<\/a><br><a href=\"https:\/\/drive.google.com\/file\/d\/0B3a0GKy3XCoTUmN3ZXk0Y3F6bGc\/view?usp=sharing\" target=\"_blank\" rel=\"noreferrer noopener\">Questions oiseaux niveau 2<\/a><br><a href=\"https:\/\/drive.google.com\/file\/d\/0B3a0GKy3XCoTTFB1MzJRQTFNWkE\/view?usp=sharing\" target=\"_blank\" rel=\"noreferrer noopener\">Questions oiseaux niveau 3<\/a><\/p>\n\n\n\n<p>LES REPONSES<br><a href=\"https:\/\/drive.google.com\/file\/d\/0B3a0GKy3XCoTVkxkemJaZmZwS1k\/view?usp=sharing\" target=\"_blank\" rel=\"noreferrer noopener\">niveau 1 r\u00e9ponses parcours oiseaux<\/a><br><a href=\"https:\/\/drive.google.com\/file\/d\/0B3a0GKy3XCoTY21JVW92VUQ3alk\/view?usp=sharing\" target=\"_blank\" rel=\"noreferrer noopener\">niveau 2 r\u00e9ponses parcours oiseaux<\/a><br><a href=\"https:\/\/drive.google.com\/file\/d\/0B3a0GKy3XCoTVXRNWUU2bGhBSWc\/view?usp=sharing\" target=\"_blank\" rel=\"noreferrer noopener\">niveau 3 r\u00e9ponses parcours oiseaux<\/a><\/p>\n","protected":false},"excerpt":{"rendered":"<p>Ce parcours comprend 12 panneaux pour d\u00e9couvrir et reconna\u00eetre &nbsp;les oiseaux. Questionnaire oiseaux 2022 recto Questionnaire oiseaux 2022 verso Questions oiseaux niveau 1Questions oiseaux niveau 2Questions oiseaux niveau 3 LES REPONSESniveau 1 r\u00e9ponses parcours oiseauxniveau 2 r\u00e9ponses parcours oiseauxniveau 3 r\u00e9ponses parcours oiseaux<\/p>\n","protected":false},"author":1,"featured_media":0,"parent":0,"menu_order":0,"comment_status":"closed","ping_status":"closed","template":"","meta":{"footnotes":""},"_links":{"self":[{"href":"https:\/\/sentiernaturemontmelas.fr\/index.php\/wp-json\/wp\/v2\/pages\/119"}],"collection":[{"href":"https:\/\/sentiernaturemontmelas.fr\/index.php\/wp-json\/wp\/v2\/pages"}],"about":[{"href":"https:\/\/sentiernaturemontmelas.fr\/index.php\/wp-json\/wp\/v2\/types\/page"}],"author":[{"embeddable":true,"href":"https:\/\/sentiernaturemontmelas.fr\/index.php\/wp-json\/wp\/v2\/users\/1"}],"replies":[{"embeddable":true,"href":"https:\/\/sentiernaturemontmelas.fr\/index.php\/wp-json\/wp\/v2\/comments?post=119"}],"version-history":[{"count":4,"href":"https:\/\/sentiernaturemontmelas.fr\/index.php\/wp-json\/wp\/v2\/pages\/119\/revisions"}],"predecessor-version":[{"id":5709,"href":"https:\/\/sentiernaturemontmelas.fr\/index.php\/wp-json\/wp\/v2\/pages\/119\/revisions\/5709"}],"wp:attachment":[{"href":"https:\/\/sentiernaturemontmelas.fr\/index.php\/wp-json\/wp\/v2\/media?parent=119"}],"curies":[{"name":"wp","href":"https:\/\/api.w.org\/{rel}","templated":true}]}}