{"id":1438,"date":"2021-05-16T22:32:49","date_gmt":"2021-05-16T20:32:49","guid":{"rendered":"http:\/\/sentiernaturemontmelas.fr\/?page_id=1438"},"modified":"2021-05-16T22:32:49","modified_gmt":"2021-05-16T20:32:49","slug":"les-galets","status":"publish","type":"page","link":"https:\/\/sentiernaturemontmelas.fr\/index.php\/les-galets\/","title":{"rendered":"les galets"},"content":{"rendered":"\n<p id=\"block-52029816-d1f2-4b7d-854e-6f4e7df3bacf\">Depuis quelques temps, on peut trouver des beaux galets d\u00e9cor\u00e9s cach\u00e9s sur le sentier, voici plus d&rsquo;informations sur cette op\u00e9ration : <a rel=\"noreferrer noopener\" href=\"https:\/\/www.facebook.com\/groups\/tmgbeaujolais\/\" target=\"_blank\">https:\/\/www.facebook.com\/groups\/tmgbeaujolais\/<\/a><\/p>\n\n\n\n<p id=\"block-4c2081da-7ff9-44c5-af77-c399f0866ebb\">Elisa et sa maman ont eu la belle id\u00e9e de cr\u00e9er un serpent de galets vers la table d&rsquo;orientation. Depuis sa cr\u00e9ation, beaucoup de visiteurs sont venus pour \u00e9changer et rajouter des galets, le serpent a bien grandi&#8230;<\/p>\n\n\n\n<figure class=\"wp-block-image\"><img decoding=\"async\" src=\"http:\/\/sentiernaturemontmelas.fr\/wp-content\/uploads\/2021\/05\/IMG_9198-1024x768.jpg\" alt=\"\"\/><\/figure>\n\n\n\n<figure class=\"wp-block-image\"><img decoding=\"async\" src=\"http:\/\/sentiernaturemontmelas.fr\/wp-content\/uploads\/2021\/05\/IMG_9199-1024x768.jpg\" alt=\"\"\/><\/figure>\n\n\n\n<figure class=\"wp-block-image\"><img decoding=\"async\" src=\"http:\/\/sentiernaturemontmelas.fr\/wp-content\/uploads\/2021\/05\/IMG_9200-1024x768.jpg\" alt=\"\"\/><\/figure>\n\n\n\n<ul><li><\/li><li><\/li><li><\/li><\/ul>\n\n\n\n<p id=\"block-a4d353d4-e918-40e5-92dc-38d778d9aa4c\">Au conseil de classe, C\u00e9lian a propos\u00e9 de participer \u00e0 l&rsquo;op\u00e9ration et de cr\u00e9er \u00e0 notre tour des galets que nous mettrons sur le sentier nature. Chaque \u00e9l\u00e8ve a pu ainsi laisser laisser cours \u00e0 sa cr\u00e9ativit\u00e9 et d\u00e9corer 2 ou 3 galets. Ils sont tr\u00e8s beaux.<\/p>\n\n\n\n<figure class=\"wp-block-image\"><img decoding=\"async\" src=\"http:\/\/sentiernaturemontmelas.fr\/wp-content\/uploads\/2021\/05\/IMG_9194-768x1024.jpg\" alt=\"\"\/><\/figure>\n\n\n\n<figure class=\"wp-block-image\"><img decoding=\"async\" src=\"http:\/\/sentiernaturemontmelas.fr\/wp-content\/uploads\/2021\/05\/IMG_9195-768x1024.jpg\" alt=\"\"\/><\/figure>\n\n\n\n<figure class=\"wp-block-image\"><img decoding=\"async\" src=\"http:\/\/sentiernaturemontmelas.fr\/wp-content\/uploads\/2021\/05\/IMG_9196-768x1024.jpg\" alt=\"\"\/><\/figure>\n\n\n\n<figure class=\"wp-block-image\"><img decoding=\"async\" src=\"http:\/\/sentiernaturemontmelas.fr\/wp-content\/uploads\/2021\/05\/IMG_9197-768x1024.jpg\" alt=\"\"\/><\/figure>\n\n\n\n<ul><li><\/li><li><\/li><li><\/li><li><\/li><\/ul>\n\n\n\n<p id=\"block-81676147-3547-4184-ae6e-abd1a031d870\">Mercredi 12 mai, nous les avons d\u00e9pos\u00e9 vers les nids en formant une belle spirale !<\/p>\n\n\n\n<figure class=\"wp-block-image\"><img decoding=\"async\" src=\"http:\/\/sentiernaturemontmelas.fr\/wp-content\/uploads\/2021\/05\/IMG_9202-1024x768.jpg\" alt=\"\"\/><\/figure>\n\n\n\n<figure class=\"wp-block-image\"><img decoding=\"async\" src=\"http:\/\/sentiernaturemontmelas.fr\/wp-content\/uploads\/2021\/05\/IMG_9203-1024x768.jpg\" alt=\"\"\/><\/figure>\n\n\n\n<figure class=\"wp-block-image\"><img decoding=\"async\" src=\"http:\/\/sentiernaturemontmelas.fr\/wp-content\/uploads\/2021\/05\/IMG_9205-1024x768.jpg\" alt=\"\"\/><\/figure>\n\n\n\n<figure class=\"wp-block-image\"><img decoding=\"async\" src=\"http:\/\/sentiernaturemontmelas.fr\/wp-content\/uploads\/2021\/05\/IMG_9206-1024x768.jpg\" alt=\"\"\/><\/figure>\n\n\n\n<ul><li><\/li><li><\/li><li><\/li><li><\/li><\/ul>\n\n\n\n<p id=\"block-fe550a13-c759-4c4c-acdd-0b64cfb322cf\">N&rsquo;h\u00e9siter pas \u00e0 \u00e9changer et faire voyager nos galets et aussi \u00e0 poursuivre cette magnifique spirale !<\/p>\n\n\n\n<p id=\"block-e0b628bd-76e1-4e8a-8a97-6571585956c0\">La classe de cycle 2 et les maternelles pr\u00e9parent \u00e0 leur tour un l\u00e2cher de galet sur le sentier. A quel endroit ? Sous quelle forme ?<\/p>\n\n\n\n<p id=\"block-f961a54e-19ec-4ee6-8f65-292698f947d3\">R\u00e9ponse tr\u00e8s bient\u00f4t !<\/p>\n","protected":false},"excerpt":{"rendered":"<p>Depuis quelques temps, on peut trouver des beaux galets d\u00e9cor\u00e9s cach\u00e9s sur le sentier, voici plus d&rsquo;informations sur cette op\u00e9ration : https:\/\/www.facebook.com\/groups\/tmgbeaujolais\/ Elisa et sa maman ont eu la belle id\u00e9e de cr\u00e9er un serpent de galets vers la table d&rsquo;orientation. Depuis sa cr\u00e9ation, beaucoup de visiteurs sont venus pour \u00e9changer et rajouter des galets, &hellip; <\/p>\n<p class=\"link-more\"><a href=\"https:\/\/sentiernaturemontmelas.fr\/index.php\/les-galets\/\" class=\"more-link\">Continuer la lecture<span class=\"screen-reader-text\"> de &laquo;&nbsp;les galets&nbsp;&raquo;<\/span><\/a><\/p>\n","protected":false},"author":1,"featured_media":0,"parent":0,"menu_order":0,"comment_status":"closed","ping_status":"closed","template":"","meta":{"footnotes":""},"_links":{"self":[{"href":"https:\/\/sentiernaturemontmelas.fr\/index.php\/wp-json\/wp\/v2\/pages\/1438"}],"collection":[{"href":"https:\/\/sentiernaturemontmelas.fr\/index.php\/wp-json\/wp\/v2\/pages"}],"about":[{"href":"https:\/\/sentiernaturemontmelas.fr\/index.php\/wp-json\/wp\/v2\/types\/page"}],"author":[{"embeddable":true,"href":"https:\/\/sentiernaturemontmelas.fr\/index.php\/wp-json\/wp\/v2\/users\/1"}],"replies":[{"embeddable":true,"href":"https:\/\/sentiernaturemontmelas.fr\/index.php\/wp-json\/wp\/v2\/comments?post=1438"}],"version-history":[{"count":1,"href":"https:\/\/sentiernaturemontmelas.fr\/index.php\/wp-json\/wp\/v2\/pages\/1438\/revisions"}],"predecessor-version":[{"id":1439,"href":"https:\/\/sentiernaturemontmelas.fr\/index.php\/wp-json\/wp\/v2\/pages\/1438\/revisions\/1439"}],"wp:attachment":[{"href":"https:\/\/sentiernaturemontmelas.fr\/index.php\/wp-json\/wp\/v2\/media?parent=1438"}],"curies":[{"name":"wp","href":"https:\/\/api.w.org\/{rel}","templated":true}]}}