{"id":146,"date":"2019-10-29T01:03:09","date_gmt":"2019-10-29T00:03:09","guid":{"rendered":"http:\/\/sentiernaturemontmelas.fr\/?page_id=146"},"modified":"2019-11-22T00:20:25","modified_gmt":"2019-11-21T23:20:25","slug":"presentation","status":"publish","type":"page","link":"https:\/\/sentiernaturemontmelas.fr\/index.php\/presentation\/","title":{"rendered":"Pr\u00e9sentation"},"content":{"rendered":"\n<p> Le sentier nature de Montmelas est r\u00e9alis\u00e9 par une \u00e9quipe dynamique compos\u00e9e d&rsquo;enseignants, de parents et des enfants de l&rsquo;\u00e9cole du village. Tout au long du sentier serpentant au milieu des vignes, d&rsquo;un sous-bois passant au c\u00f4t\u00e9 d&rsquo;une petite mare vous pourrez, d\u00e9couvrir la faune et la flore des environs. L&rsquo;\u00e9cole de Montmelas vous souhaite une bonne ballade ludique et instructive.<\/p>\n\n\n\n<p><\/p>\n\n\n\n<figure class=\"wp-block-image\"><img loading=\"lazy\" decoding=\"async\" width=\"886\" height=\"637\" src=\"http:\/\/sentiernaturemontmelas.fr\/wp-content\/uploads\/2019\/11\/tract-office-01.png\" alt=\"\" class=\"wp-image-245\" srcset=\"https:\/\/sentiernaturemontmelas.fr\/wp-content\/uploads\/2019\/11\/tract-office-01.png 886w, https:\/\/sentiernaturemontmelas.fr\/wp-content\/uploads\/2019\/11\/tract-office-01-300x216.png 300w, https:\/\/sentiernaturemontmelas.fr\/wp-content\/uploads\/2019\/11\/tract-office-01-768x552.png 768w\" sizes=\"(max-width: 706px) 89vw, (max-width: 767px) 82vw, 740px\" \/><\/figure>\n\n\n\n<figure class=\"wp-block-image\"><img loading=\"lazy\" decoding=\"async\" width=\"879\" height=\"633\" src=\"http:\/\/sentiernaturemontmelas.fr\/wp-content\/uploads\/2019\/11\/tract-office-02.png\" alt=\"\" class=\"wp-image-247\" srcset=\"https:\/\/sentiernaturemontmelas.fr\/wp-content\/uploads\/2019\/11\/tract-office-02.png 879w, https:\/\/sentiernaturemontmelas.fr\/wp-content\/uploads\/2019\/11\/tract-office-02-300x216.png 300w, https:\/\/sentiernaturemontmelas.fr\/wp-content\/uploads\/2019\/11\/tract-office-02-768x553.png 768w\" sizes=\"(max-width: 706px) 89vw, (max-width: 767px) 82vw, 740px\" \/><\/figure>\n\n\n\n<figure class=\"wp-block-image\"><img loading=\"lazy\" decoding=\"async\" width=\"448\" height=\"632\" src=\"http:\/\/sentiernaturemontmelas.fr\/wp-content\/uploads\/2019\/11\/entr\u00e9e-presentation.png\" alt=\"\" class=\"wp-image-249\" srcset=\"https:\/\/sentiernaturemontmelas.fr\/wp-content\/uploads\/2019\/11\/entr\u00e9e-presentation.png 448w, https:\/\/sentiernaturemontmelas.fr\/wp-content\/uploads\/2019\/11\/entr\u00e9e-presentation-213x300.png 213w\" sizes=\"(max-width: 448px) 100vw, 448px\" \/><\/figure>\n","protected":false},"excerpt":{"rendered":"<p>Le sentier nature de Montmelas est r\u00e9alis\u00e9 par une \u00e9quipe dynamique compos\u00e9e d&rsquo;enseignants, de parents et des enfants de l&rsquo;\u00e9cole du village. Tout au long du sentier serpentant au milieu des vignes, d&rsquo;un sous-bois passant au c\u00f4t\u00e9 d&rsquo;une petite mare vous pourrez, d\u00e9couvrir la faune et la flore des environs. L&rsquo;\u00e9cole de Montmelas vous souhaite &hellip; <\/p>\n<p class=\"link-more\"><a href=\"https:\/\/sentiernaturemontmelas.fr\/index.php\/presentation\/\" class=\"more-link\">Continuer la lecture<span class=\"screen-reader-text\"> de &laquo;&nbsp;Pr\u00e9sentation&nbsp;&raquo;<\/span><\/a><\/p>\n","protected":false},"author":1,"featured_media":0,"parent":0,"menu_order":0,"comment_status":"closed","ping_status":"closed","template":"","meta":{"footnotes":""},"_links":{"self":[{"href":"https:\/\/sentiernaturemontmelas.fr\/index.php\/wp-json\/wp\/v2\/pages\/146"}],"collection":[{"href":"https:\/\/sentiernaturemontmelas.fr\/index.php\/wp-json\/wp\/v2\/pages"}],"about":[{"href":"https:\/\/sentiernaturemontmelas.fr\/index.php\/wp-json\/wp\/v2\/types\/page"}],"author":[{"embeddable":true,"href":"https:\/\/sentiernaturemontmelas.fr\/index.php\/wp-json\/wp\/v2\/users\/1"}],"replies":[{"embeddable":true,"href":"https:\/\/sentiernaturemontmelas.fr\/index.php\/wp-json\/wp\/v2\/comments?post=146"}],"version-history":[{"count":5,"href":"https:\/\/sentiernaturemontmelas.fr\/index.php\/wp-json\/wp\/v2\/pages\/146\/revisions"}],"predecessor-version":[{"id":250,"href":"https:\/\/sentiernaturemontmelas.fr\/index.php\/wp-json\/wp\/v2\/pages\/146\/revisions\/250"}],"wp:attachment":[{"href":"https:\/\/sentiernaturemontmelas.fr\/index.php\/wp-json\/wp\/v2\/media?parent=146"}],"curies":[{"name":"wp","href":"https:\/\/api.w.org\/{rel}","templated":true}]}}