{"id":721,"date":"2020-08-19T08:26:43","date_gmt":"2020-08-19T06:26:43","guid":{"rendered":"http:\/\/sentiernaturemontmelas.fr\/?page_id=721"},"modified":"2024-03-17T22:43:37","modified_gmt":"2024-03-17T21:43:37","slug":"fiches-pedagogiques","status":"publish","type":"page","link":"https:\/\/sentiernaturemontmelas.fr\/index.php\/fiches-pedagogiques\/","title":{"rendered":"Fiches p\u00e9dagogiques"},"content":{"rendered":"\n<h2 class=\"wp-block-heading\">LES FICHES P\u00c9DAGOGIQUES \u00c0 T\u00c9L\u00c9CHARGER<\/h2>\n\n\n\n<p><a href=\"https:\/\/sentiernaturemontmelas.fr\/index.php\/parcours-faune-flore\/\">parcours sur les ARBRES \u2013 cr\u00e9\u00e9 en 2013<\/a><\/p>\n\n\n\n<p><a href=\"https:\/\/sentiernaturemontmelas.fr\/index.php\/fiches-pedagogiques-sur-la-faune\/\">Parcours sur la FAUNE<\/a> &#8211; cr\u00e9\u00e9 en 2013<\/p>\n\n\n\n<p><a href=\"http:\/\/sentiernaturemontmelas.fr\/index.php\/parcours-oiseaux-cree-en-2014\/\" target=\"_blank\" rel=\"noreferrer noopener\">parcours OISEAUX \u2013 cr\u00e9\u00e9 en 2014<\/a><\/p>\n\n\n\n<p><a href=\"http:\/\/sentiernaturemontmelas.fr\/index.php\/parcours-insectes-cree-en-2016\/\">parcours INSECTES cr\u00e9\u00e9 en 2016<\/a><\/p>\n\n\n\n<p><a href=\"http:\/\/sentiernaturemontmelas.fr\/index.php\/fiche-pedagogique-sur-les-tables-dorientation\/\">Parcours \u00ab&nbsp;Quel beau paysage !&nbsp;\u00bbcr\u00e9\u00e9 en 2018<\/a><\/p>\n\n\n\n<p><a href=\"http:\/\/sentiernaturemontmelas.fr\/wp-admin\/post.php?post=957&amp;action=edit\">Parcours CONTES cr\u00e9\u00e9 en 2018<\/a><\/p>\n\n\n\n<p>Parcours BOTANIQUE cr\u00e9\u00e9 en 2019<\/p>\n\n\n\n<p><a href=\"https:\/\/sentiernaturemontmelas.fr\/index.php\/fiches-pedagogiques-parcours-geologie\/\">Parcours g\u00e9ologie cr\u00e9\u00e9 en 2021<\/a><\/p>\n","protected":false},"excerpt":{"rendered":"<p>LES FICHES P\u00c9DAGOGIQUES \u00c0 T\u00c9L\u00c9CHARGER parcours sur les ARBRES \u2013 cr\u00e9\u00e9 en 2013 Parcours sur la FAUNE &#8211; cr\u00e9\u00e9 en 2013 parcours OISEAUX \u2013 cr\u00e9\u00e9 en 2014 parcours INSECTES cr\u00e9\u00e9 en 2016 Parcours \u00ab&nbsp;Quel beau paysage !&nbsp;\u00bbcr\u00e9\u00e9 en 2018 Parcours CONTES cr\u00e9\u00e9 en 2018 Parcours BOTANIQUE cr\u00e9\u00e9 en 2019 Parcours g\u00e9ologie cr\u00e9\u00e9 en 2021<\/p>\n","protected":false},"author":1,"featured_media":0,"parent":0,"menu_order":0,"comment_status":"closed","ping_status":"closed","template":"","meta":{"footnotes":""},"_links":{"self":[{"href":"https:\/\/sentiernaturemontmelas.fr\/index.php\/wp-json\/wp\/v2\/pages\/721"}],"collection":[{"href":"https:\/\/sentiernaturemontmelas.fr\/index.php\/wp-json\/wp\/v2\/pages"}],"about":[{"href":"https:\/\/sentiernaturemontmelas.fr\/index.php\/wp-json\/wp\/v2\/types\/page"}],"author":[{"embeddable":true,"href":"https:\/\/sentiernaturemontmelas.fr\/index.php\/wp-json\/wp\/v2\/users\/1"}],"replies":[{"embeddable":true,"href":"https:\/\/sentiernaturemontmelas.fr\/index.php\/wp-json\/wp\/v2\/comments?post=721"}],"version-history":[{"count":7,"href":"https:\/\/sentiernaturemontmelas.fr\/index.php\/wp-json\/wp\/v2\/pages\/721\/revisions"}],"predecessor-version":[{"id":5726,"href":"https:\/\/sentiernaturemontmelas.fr\/index.php\/wp-json\/wp\/v2\/pages\/721\/revisions\/5726"}],"wp:attachment":[{"href":"https:\/\/sentiernaturemontmelas.fr\/index.php\/wp-json\/wp\/v2\/media?parent=721"}],"curies":[{"name":"wp","href":"https:\/\/api.w.org\/{rel}","templated":true}]}}